{"id":6334,"date":"2026-03-31T05:57:28","date_gmt":"2026-03-31T05:57:28","guid":{"rendered":"https:\/\/apteka-alenka.com\/product\/cerave-creme-hydratante-visage-pm\/"},"modified":"2026-03-31T05:57:28","modified_gmt":"2026-03-31T05:57:28","slug":"cerave-creme-hydratante-visage-pm","status":"publish","type":"product","link":"https:\/\/apteka-alenka.com\/uk\/%d0%bf%d1%80%d0%be%d0%b4%d1%83%d0%ba%d1%82\/cerave-creme-hydratante-visage-pm\/","title":{"rendered":"CeraVe Cr\u00e8me Hydratante Visage PM"},"content":{"rendered":"<p>D\u00e9velopp\u00e9e avec des dermatologues, cette cr\u00e8me hydratante visage PM cible les peaux normales \u00e0 s\u00e8ches en offrant une hydratation longue dur\u00e9e et un soutien de la barri\u00e8re cutan\u00e9e. Enrichie en 3 c\u00e9ramides essentiels, niacinamide et acide hyaluronique, elle aide \u00e0 maintenir l\u2019hydratation naturelle et \u00e0 apaiser la peau sans obstruer les pores. Sans parfum et non com\u00e9dog\u00e8ne, elle convient \u00e0 un usage quotidien \u00e9tape PM pour prot\u00e9ger et r\u00e9parer la peau du dess\u00e8chement.<\/p>","protected":false},"excerpt":{"rendered":"<p>Cr\u00e8me hydratante visage pour peaux normales \u00e0 s\u00e8ches qui nourrit, hydrate et aide \u00e0 restaurer la barri\u00e8re cutan\u00e9e. Formul\u00e9e avec 3 c\u00e9ramides essentiels, niacinamide et acide hyaluronique. Sans parfum et non com\u00e9dog\u00e8ne.<\/p>","protected":false},"featured_media":4941,"comment_status":"open","ping_status":"closed","template":"","meta":{"_joinchat":[]},"product_brand":[5405],"product_cat":[5449],"product_tag":[5295,5451,4908,5319,5356,5450],"class_list":{"0":"post-6334","1":"product","2":"type-product","3":"status-publish","4":"has-post-thumbnail","6":"product_brand-cerave","7":"product_cat-facial-moisturizer","8":"product_tag-ceramides","9":"product_tag-fragrance-free-2","10":"product_tag-hyaluronic-acid","11":"product_tag-niacinamide","12":"product_tag-non-comedogenic","13":"product_tag-hydrating-2","15":"first","16":"instock","17":"shipping-taxable","18":"purchasable","19":"product-type-simple"},"yoast_head":"<!-- This site is optimized with the Yoast SEO plugin v27.3 - https:\/\/yoast.com\/product\/yoast-seo-wordpress\/ -->\n<title>CeraVe Cr\u00e8me Hydratante Visage PM - \u0410\u043f\u0442\u0435\u043a\u0430 \u0410\u043b\u0451\u043d\u043a\u0430<\/title>\n<meta name=\"robots\" content=\"index, follow, max-snippet:-1, max-image-preview:large, max-video-preview:-1\" \/>\n<link rel=\"canonical\" href=\"https:\/\/apteka-alenka.com\/uk\/\u043f\u0440\u043e\u0434\u0443\u043a\u0442\/cerave-creme-hydratante-visage-pm\/\" \/>\n<meta property=\"og:locale\" content=\"uk_UA\" \/>\n<meta property=\"og:type\" content=\"article\" \/>\n<meta property=\"og:title\" content=\"CeraVe Cr\u00e8me Hydratante Visage PM - \u0410\u043f\u0442\u0435\u043a\u0430 \u0410\u043b\u0451\u043d\u043a\u0430\" \/>\n<meta property=\"og:description\" content=\"Cr\u00e8me hydratante visage pour peaux normales \u00e0 s\u00e8ches qui nourrit, hydrate et aide \u00e0 restaurer la barri\u00e8re cutan\u00e9e. Formul\u00e9e avec 3 c\u00e9ramides essentiels, niacinamide et acide hyaluronique. Sans parfum et non com\u00e9dog\u00e8ne.\" \/>\n<meta property=\"og:url\" content=\"https:\/\/apteka-alenka.com\/uk\/\u043f\u0440\u043e\u0434\u0443\u043a\u0442\/cerave-creme-hydratante-visage-pm\/\" \/>\n<meta property=\"og:site_name\" content=\"\u0410\u043f\u0442\u0435\u043a\u0430 \u0410\u043b\u0451\u043d\u043a\u0430\" \/>\n<meta name=\"twitter:card\" content=\"summary_large_image\" \/>\n<script type=\"application\/ld+json\" class=\"yoast-schema-graph\">{\"@context\":\"https:\\\/\\\/schema.org\",\"@graph\":[{\"@type\":\"WebPage\",\"@id\":\"https:\\\/\\\/apteka-alenka.com\\\/product\\\/cerave-creme-hydratante-visage-pm\\\/\",\"url\":\"https:\\\/\\\/apteka-alenka.com\\\/product\\\/cerave-creme-hydratante-visage-pm\\\/\",\"name\":\"CeraVe Cr\u00e8me Hydratante Visage PM - \u0410\u043f\u0442\u0435\u043a\u0430 \u0410\u043b\u0451\u043d\u043a\u0430\",\"isPartOf\":{\"@id\":\"https:\\\/\\\/apteka-alenka.com\\\/#website\"},\"primaryImageOfPage\":{\"@id\":\"https:\\\/\\\/apteka-alenka.com\\\/product\\\/cerave-creme-hydratante-visage-pm\\\/#primaryimage\"},\"image\":{\"@id\":\"https:\\\/\\\/apteka-alenka.com\\\/product\\\/cerave-creme-hydratante-visage-pm\\\/#primaryimage\"},\"thumbnailUrl\":\"https:\\\/\\\/apteka-alenka.com\\\/wp-content\\\/uploads\\\/2026\\\/02\\\/tsculgkvses9y38jm3rl-scaled.jpg\",\"datePublished\":\"2026-03-31T05:57:28+00:00\",\"breadcrumb\":{\"@id\":\"https:\\\/\\\/apteka-alenka.com\\\/product\\\/cerave-creme-hydratante-visage-pm\\\/#breadcrumb\"},\"inLanguage\":\"uk\",\"potentialAction\":[{\"@type\":\"ReadAction\",\"target\":[\"https:\\\/\\\/apteka-alenka.com\\\/product\\\/cerave-creme-hydratante-visage-pm\\\/\"]}]},{\"@type\":\"ImageObject\",\"inLanguage\":\"uk\",\"@id\":\"https:\\\/\\\/apteka-alenka.com\\\/product\\\/cerave-creme-hydratante-visage-pm\\\/#primaryimage\",\"url\":\"https:\\\/\\\/apteka-alenka.com\\\/wp-content\\\/uploads\\\/2026\\\/02\\\/tsculgkvses9y38jm3rl-scaled.jpg\",\"contentUrl\":\"https:\\\/\\\/apteka-alenka.com\\\/wp-content\\\/uploads\\\/2026\\\/02\\\/tsculgkvses9y38jm3rl-scaled.jpg\",\"width\":2560,\"height\":2560},{\"@type\":\"BreadcrumbList\",\"@id\":\"https:\\\/\\\/apteka-alenka.com\\\/product\\\/cerave-creme-hydratante-visage-pm\\\/#breadcrumb\",\"itemListElement\":[{\"@type\":\"ListItem\",\"position\":1,\"name\":\"Home\",\"item\":\"https:\\\/\\\/apteka-alenka.com\\\/\"},{\"@type\":\"ListItem\",\"position\":2,\"name\":\"Shop\",\"item\":\"https:\\\/\\\/apteka-alenka.com\\\/shop\\\/\"},{\"@type\":\"ListItem\",\"position\":3,\"name\":\"CeraVe Cr\u00e8me Hydratante Visage PM\"}]},{\"@type\":\"WebSite\",\"@id\":\"https:\\\/\\\/apteka-alenka.com\\\/#website\",\"url\":\"https:\\\/\\\/apteka-alenka.com\\\/\",\"name\":\"\u0410\u043f\u0442\u0435\u043a\u0430 \u0410\u043b\u0451\u043d\u043a\u0430\",\"description\":\"\u041f\u0440\u043e\u0434\u0430\u0436\u0430 \u043b\u0435\u043a\u0430\u0440\u0441\u0442\u0432, \u0432\u0438\u0442\u0430\u043c\u0438\u043d\u043e\u0432 \u0438 \u043f\u0438\u0449\u0435\u0432\u044b\u0445 \u0434\u043e\u0431\u0430\u0432\u043e\u043a\",\"publisher\":{\"@id\":\"https:\\\/\\\/apteka-alenka.com\\\/#organization\"},\"potentialAction\":[{\"@type\":\"SearchAction\",\"target\":{\"@type\":\"EntryPoint\",\"urlTemplate\":\"https:\\\/\\\/apteka-alenka.com\\\/?s={search_term_string}\"},\"query-input\":{\"@type\":\"PropertyValueSpecification\",\"valueRequired\":true,\"valueName\":\"search_term_string\"}}],\"inLanguage\":\"uk\"},{\"@type\":\"Organization\",\"@id\":\"https:\\\/\\\/apteka-alenka.com\\\/#organization\",\"name\":\"\u0410\u043f\u0442\u0435\u043a\u0430 \u0410\u043b\u0451\u043d\u043a\u0430\",\"url\":\"https:\\\/\\\/apteka-alenka.com\\\/\",\"logo\":{\"@type\":\"ImageObject\",\"inLanguage\":\"uk\",\"@id\":\"https:\\\/\\\/apteka-alenka.com\\\/#\\\/schema\\\/logo\\\/image\\\/\",\"url\":\"https:\\\/\\\/apteka-alenka.com\\\/wp-content\\\/uploads\\\/2025\\\/11\\\/FARMACIA_1_page-0001__1_-removebg-preview.png\",\"contentUrl\":\"https:\\\/\\\/apteka-alenka.com\\\/wp-content\\\/uploads\\\/2025\\\/11\\\/FARMACIA_1_page-0001__1_-removebg-preview.png\",\"width\":447,\"height\":559,\"caption\":\"\u0410\u043f\u0442\u0435\u043a\u0430 \u0410\u043b\u0451\u043d\u043a\u0430\"},\"image\":{\"@id\":\"https:\\\/\\\/apteka-alenka.com\\\/#\\\/schema\\\/logo\\\/image\\\/\"}}]}<\/script>\n<!-- \/ Yoast SEO plugin. -->","yoast_head_json":{"title":"CeraVe Cr\u00e8me Hydratante Visage PM - \u0410\u043f\u0442\u0435\u043a\u0430 \u0410\u043b\u0451\u043d\u043a\u0430","robots":{"index":"index","follow":"follow","max-snippet":"max-snippet:-1","max-image-preview":"max-image-preview:large","max-video-preview":"max-video-preview:-1"},"canonical":"https:\/\/apteka-alenka.com\/uk\/\u043f\u0440\u043e\u0434\u0443\u043a\u0442\/cerave-creme-hydratante-visage-pm\/","og_locale":"uk_UA","og_type":"article","og_title":"CeraVe Cr\u00e8me Hydratante Visage PM - \u0410\u043f\u0442\u0435\u043a\u0430 \u0410\u043b\u0451\u043d\u043a\u0430","og_description":"Cr\u00e8me hydratante visage pour peaux normales \u00e0 s\u00e8ches qui nourrit, hydrate et aide \u00e0 restaurer la barri\u00e8re cutan\u00e9e. Formul\u00e9e avec 3 c\u00e9ramides essentiels, niacinamide et acide hyaluronique. Sans parfum et non com\u00e9dog\u00e8ne.","og_url":"https:\/\/apteka-alenka.com\/uk\/\u043f\u0440\u043e\u0434\u0443\u043a\u0442\/cerave-creme-hydratante-visage-pm\/","og_site_name":"\u0410\u043f\u0442\u0435\u043a\u0430 \u0410\u043b\u0451\u043d\u043a\u0430","twitter_card":"summary_large_image","schema":{"@context":"https:\/\/schema.org","@graph":[{"@type":"WebPage","@id":"https:\/\/apteka-alenka.com\/product\/cerave-creme-hydratante-visage-pm\/","url":"https:\/\/apteka-alenka.com\/product\/cerave-creme-hydratante-visage-pm\/","name":"CeraVe Cr\u00e8me Hydratante Visage PM - \u0410\u043f\u0442\u0435\u043a\u0430 \u0410\u043b\u0451\u043d\u043a\u0430","isPartOf":{"@id":"https:\/\/apteka-alenka.com\/#website"},"primaryImageOfPage":{"@id":"https:\/\/apteka-alenka.com\/product\/cerave-creme-hydratante-visage-pm\/#primaryimage"},"image":{"@id":"https:\/\/apteka-alenka.com\/product\/cerave-creme-hydratante-visage-pm\/#primaryimage"},"thumbnailUrl":"https:\/\/apteka-alenka.com\/wp-content\/uploads\/2026\/02\/tsculgkvses9y38jm3rl-scaled.jpg","datePublished":"2026-03-31T05:57:28+00:00","breadcrumb":{"@id":"https:\/\/apteka-alenka.com\/product\/cerave-creme-hydratante-visage-pm\/#breadcrumb"},"inLanguage":"uk","potentialAction":[{"@type":"ReadAction","target":["https:\/\/apteka-alenka.com\/product\/cerave-creme-hydratante-visage-pm\/"]}]},{"@type":"ImageObject","inLanguage":"uk","@id":"https:\/\/apteka-alenka.com\/product\/cerave-creme-hydratante-visage-pm\/#primaryimage","url":"https:\/\/apteka-alenka.com\/wp-content\/uploads\/2026\/02\/tsculgkvses9y38jm3rl-scaled.jpg","contentUrl":"https:\/\/apteka-alenka.com\/wp-content\/uploads\/2026\/02\/tsculgkvses9y38jm3rl-scaled.jpg","width":2560,"height":2560},{"@type":"BreadcrumbList","@id":"https:\/\/apteka-alenka.com\/product\/cerave-creme-hydratante-visage-pm\/#breadcrumb","itemListElement":[{"@type":"ListItem","position":1,"name":"Home","item":"https:\/\/apteka-alenka.com\/"},{"@type":"ListItem","position":2,"name":"Shop","item":"https:\/\/apteka-alenka.com\/shop\/"},{"@type":"ListItem","position":3,"name":"CeraVe Cr\u00e8me Hydratante Visage PM"}]},{"@type":"WebSite","@id":"https:\/\/apteka-alenka.com\/#website","url":"https:\/\/apteka-alenka.com\/","name":"\u0410\u043f\u0442\u0435\u043a\u0430 \u041e\u043b\u0435\u043d\u043a\u0430","description":"\u041f\u0440\u043e\u0434\u0430\u0436 \u043b\u0456\u043a\u0456\u0432, \u0432\u0456\u0442\u0430\u043c\u0456\u043d\u0456\u0432 \u0456 \u0445\u0430\u0440\u0447\u043e\u0432\u0438\u0445 \u0434\u043e\u0431\u0430\u0432\u043e\u043a","publisher":{"@id":"https:\/\/apteka-alenka.com\/#organization"},"potentialAction":[{"@type":"SearchAction","target":{"@type":"EntryPoint","urlTemplate":"https:\/\/apteka-alenka.com\/?s={search_term_string}"},"query-input":{"@type":"PropertyValueSpecification","valueRequired":true,"valueName":"search_term_string"}}],"inLanguage":"uk"},{"@type":"Organization","@id":"https:\/\/apteka-alenka.com\/#organization","name":"\u0410\u043f\u0442\u0435\u043a\u0430 \u041e\u043b\u0435\u043d\u043a\u0430","url":"https:\/\/apteka-alenka.com\/","logo":{"@type":"ImageObject","inLanguage":"uk","@id":"https:\/\/apteka-alenka.com\/#\/schema\/logo\/image\/","url":"https:\/\/apteka-alenka.com\/wp-content\/uploads\/2025\/11\/FARMACIA_1_page-0001__1_-removebg-preview.png","contentUrl":"https:\/\/apteka-alenka.com\/wp-content\/uploads\/2025\/11\/FARMACIA_1_page-0001__1_-removebg-preview.png","width":447,"height":559,"caption":"\u0410\u043f\u0442\u0435\u043a\u0430 \u0410\u043b\u0451\u043d\u043a\u0430"},"image":{"@id":"https:\/\/apteka-alenka.com\/#\/schema\/logo\/image\/"}}]}},"_links":{"self":[{"href":"https:\/\/apteka-alenka.com\/uk\/wp-json\/wp\/v2\/product\/6334","targetHints":{"allow":["GET"]}}],"collection":[{"href":"https:\/\/apteka-alenka.com\/uk\/wp-json\/wp\/v2\/product"}],"about":[{"href":"https:\/\/apteka-alenka.com\/uk\/wp-json\/wp\/v2\/types\/product"}],"replies":[{"embeddable":true,"href":"https:\/\/apteka-alenka.com\/uk\/wp-json\/wp\/v2\/comments?post=6334"}],"version-history":[{"count":0,"href":"https:\/\/apteka-alenka.com\/uk\/wp-json\/wp\/v2\/product\/6334\/revisions"}],"wp:featuredmedia":[{"embeddable":true,"href":"https:\/\/apteka-alenka.com\/uk\/wp-json\/wp\/v2\/media\/4941"}],"wp:attachment":[{"href":"https:\/\/apteka-alenka.com\/uk\/wp-json\/wp\/v2\/media?parent=6334"}],"wp:term":[{"taxonomy":"product_brand","embeddable":true,"href":"https:\/\/apteka-alenka.com\/uk\/wp-json\/wp\/v2\/product_brand?post=6334"},{"taxonomy":"product_cat","embeddable":true,"href":"https:\/\/apteka-alenka.com\/uk\/wp-json\/wp\/v2\/product_cat?post=6334"},{"taxonomy":"product_tag","embeddable":true,"href":"https:\/\/apteka-alenka.com\/uk\/wp-json\/wp\/v2\/product_tag?post=6334"}],"curies":[{"name":"wp","href":"https:\/\/api.w.org\/{rel}","templated":true}]}}